{"id":2515,"date":"2022-02-23T13:35:09","date_gmt":"2022-02-23T13:35:09","guid":{"rendered":"https:\/\/abrakadabra.tv\/?page_id=2515"},"modified":"2022-02-23T14:11:06","modified_gmt":"2022-02-23T14:11:06","slug":"proyectos","status":"publish","type":"page","link":"https:\/\/abrakadabra.tv\/en\/proyectos\/","title":{"rendered":"PROYECTOS"},"content":{"rendered":"\t\t<div data-elementor-type=\"wp-post\" data-elementor-id=\"2515\" class=\"elementor elementor-2515\" data-elementor-settings=\"[]\">\n\t\t\t\t\t\t\t<div class=\"elementor-section-wrap\">\n\t\t\t\t\t\t\t<section class=\"elementor-section elementor-top-section elementor-element elementor-element-f1f9ab8 elementor-section-stretched elementor-section-boxed elementor-section-height-default elementor-section-height-default\" data-id=\"f1f9ab8\" data-element_type=\"section\" data-settings=\"{&quot;stretch_section&quot;:&quot;section-stretched&quot;,&quot;background_background&quot;:&quot;classic&quot;}\">\n\t\t\t\t\t\t<div class=\"elementor-container elementor-column-gap-default\">\n\t\t\t\t\t<div class=\"elementor-column elementor-col-100 elementor-top-column elementor-element elementor-element-48bbf44\" data-id=\"48bbf44\" data-element_type=\"column\">\n\t\t\t<div class=\"elementor-widget-wrap elementor-element-populated\">\n\t\t\t\t\t\t\t\t<div class=\"elementor-element elementor-element-c2170ee fix-video elementor-widget elementor-widget-befo-video-modal-widget\" data-id=\"c2170ee\" data-element_type=\"widget\" data-widget_type=\"befo-video-modal-widget.default\">\n\t\t\t\t<div class=\"elementor-widget-container\">\n\t\t\t\t\r\n\r\n<div class=\"video-section-wrap\">\r\n\t\r\n\t\t\r\n\t<div class=\"video-heading\" >M\u00daSICA \/ STREAMING<\/div>\r\n\t\t\r\n\t<div class=\"video-modal-wrap\">\r\n\t\t<a href=\"#\" class=\"video-modal trigger-iframe\" data-modal-id=\"befo-modal-video-m\u00e1ximainteracci\u00f3n219\" data-title=\"M\u00e1xima Interacci\u00f3n\" data-url=\"https:\/\/player.vimeo.com\/video\/671126624?h=e9403f6d2c\" >\r\n\t\t\t<span class=\"play\">\r\n\t\t\t\t<span class=\"inner-wrap\">\r\n\t\t\t\t\t<svg xmlns=\"http:\/\/www.w3.org\/2000\/svg\" width=\"30\" height=\"30\" viewBox=\"0 0 24 24\" fill=\"#000\" stroke-linecap=\"square\"><polygon points=\"5 3 19 12 5 21 5 3\"><\/polygon><\/svg>\r\n\t\t\t\t<\/span>\r\n\t\t\t<\/span>\r\n\t\t<\/a>\r\n\t<\/div>\r\n\t\r\n\t\t\r\n\t<h1>M\u00e1xima Interacci\u00f3n<\/h1>\r\n\t\t\r\n\t\t\r\n\t<div class=\"befo-btn light\">\r\n\t\t<a href=\"http:\/\/kpq.8b4.mytemp.website\/proyectos\/maxima-interaccion\/\" title=\"M\u00e1xima Interacci\u00f3n\" >\r\n\t\t\t<span>HBO MAX + SONY MUSIC LATINOAM\u00c9RICA<\/span>\r\n\t\t<\/a>\r\n\t<\/div>\r\n\t\t\r\n<\/div>\r\n<div id=\"befo-modal-video-m\u00e1ximainteracci\u00f3n219\"><\/div>\r\n\t\t<\/div>\n\t\t\t\t<\/div>\n\t\t\t\t\t<\/div>\n\t\t<\/div>\n\t\t\t\t\t\t\t<\/div>\n\t\t<\/section>\n\t\t\t\t<section class=\"elementor-section elementor-top-section elementor-element elementor-element-acfd709 elementor-section-stretched elementor-section-boxed elementor-section-height-default elementor-section-height-default\" data-id=\"acfd709\" data-element_type=\"section\" data-settings=\"{&quot;stretch_section&quot;:&quot;section-stretched&quot;,&quot;background_background&quot;:&quot;classic&quot;}\">\n\t\t\t\t\t\t<div class=\"elementor-container elementor-column-gap-default\">\n\t\t\t\t\t<div class=\"elementor-column elementor-col-100 elementor-top-column elementor-element elementor-element-7e647e6\" data-id=\"7e647e6\" data-element_type=\"column\">\n\t\t\t<div class=\"elementor-widget-wrap elementor-element-populated\">\n\t\t\t\t\t\t\t\t<div class=\"elementor-element elementor-element-ef67167 elementor-widget elementor-widget-befo-video-modal-widget\" data-id=\"ef67167\" data-element_type=\"widget\" data-widget_type=\"befo-video-modal-widget.default\">\n\t\t\t\t<div class=\"elementor-widget-container\">\n\t\t\t\t\r\n\r\n<div class=\"video-section-wrap\">\r\n\t\r\n\t\t\r\n\t<div class=\"video-heading\" >M\u00daSICA <\/div>\r\n\t\t\r\n\t<div class=\"video-modal-wrap\">\r\n\t\t<a href=\"#\" class=\"video-modal trigger-iframe\" data-modal-id=\"befo-modal-video-m\u00fasicaqueconquista603\" data-title=\"M\u00fasica que Conquista\" data-url=\"https:\/\/player.vimeo.com\/video\/654196783?h=8e89962645\" >\r\n\t\t\t<span class=\"play\">\r\n\t\t\t\t<span class=\"inner-wrap\">\r\n\t\t\t\t\t<svg xmlns=\"http:\/\/www.w3.org\/2000\/svg\" width=\"30\" height=\"30\" viewBox=\"0 0 24 24\" fill=\"#000\" stroke-linecap=\"square\"><polygon points=\"5 3 19 12 5 21 5 3\"><\/polygon><\/svg>\r\n\t\t\t\t<\/span>\r\n\t\t\t<\/span>\r\n\t\t<\/a>\r\n\t<\/div>\r\n\t\r\n\t\t\r\n\t<h1>M\u00fasica que Conquista<\/h1>\r\n\t\t\r\n\t\t\r\n\t<div class=\"befo-btn light\">\r\n\t\t<a href=\"http:\/\/kpq.8b4.mytemp.website\/proyectos\/musica-que-conquista\/\" title=\"M\u00fasica que Conquista\" >\r\n\t\t\t<span>LATIN GRAMMY<\/span>\r\n\t\t<\/a>\r\n\t<\/div>\r\n\t\t\r\n<\/div>\r\n<div id=\"befo-modal-video-m\u00fasicaqueconquista603\"><\/div>\r\n\t\t<\/div>\n\t\t\t\t<\/div>\n\t\t\t\t\t<\/div>\n\t\t<\/div>\n\t\t\t\t\t\t\t<\/div>\n\t\t<\/section>\n\t\t\t\t<section class=\"elementor-section elementor-top-section elementor-element elementor-element-86c6724 elementor-section-stretched elementor-section-boxed elementor-section-height-default elementor-section-height-default\" data-id=\"86c6724\" data-element_type=\"section\" data-settings=\"{&quot;stretch_section&quot;:&quot;section-stretched&quot;,&quot;background_background&quot;:&quot;classic&quot;}\">\n\t\t\t\t\t\t<div class=\"elementor-container elementor-column-gap-default\">\n\t\t\t\t\t<div class=\"elementor-column elementor-col-100 elementor-top-column elementor-element elementor-element-dcabc53\" data-id=\"dcabc53\" data-element_type=\"column\">\n\t\t\t<div class=\"elementor-widget-wrap elementor-element-populated\">\n\t\t\t\t\t\t\t\t<div class=\"elementor-element elementor-element-adcf9fe elementor-widget elementor-widget-befo-video-modal-widget\" data-id=\"adcf9fe\" data-element_type=\"widget\" data-widget_type=\"befo-video-modal-widget.default\">\n\t\t\t\t<div class=\"elementor-widget-container\">\n\t\t\t\t\r\n\r\n<div class=\"video-section-wrap\">\r\n\t\r\n\t\t\r\n\t<div class=\"video-heading\" >M\u00daSICA \/ DOCUMENTAL<\/div>\r\n\t\t\r\n\t<div class=\"video-modal-wrap\">\r\n\t\t<a href=\"#\" class=\"video-modal trigger-iframe\" data-modal-id=\"befo-modal-video-historiasparacantar554\" data-title=\"Historias para Cantar\" data-url=\"https:\/\/player.vimeo.com\/video\/659508661?h=155028155f\" >\r\n\t\t\t<span class=\"play\">\r\n\t\t\t\t<span class=\"inner-wrap\">\r\n\t\t\t\t\t<svg xmlns=\"http:\/\/www.w3.org\/2000\/svg\" width=\"30\" height=\"30\" viewBox=\"0 0 24 24\" fill=\"#000\" stroke-linecap=\"square\"><polygon points=\"5 3 19 12 5 21 5 3\"><\/polygon><\/svg>\r\n\t\t\t\t<\/span>\r\n\t\t\t<\/span>\r\n\t\t<\/a>\r\n\t<\/div>\r\n\t\r\n\t\t\r\n\t<h1>Historias para Cantar<\/h1>\r\n\t\t\r\n\t\t\r\n\t<div class=\"befo-btn light\">\r\n\t\t<a href=\"http:\/\/kpq.8b4.mytemp.website\/proyectos\/historias-para-cantar\/\" title=\"Historias para Cantar\" >\r\n\t\t\t<span>HBO MAX + SONY MUSIC LATINOAM\u00c9RICA<\/span>\r\n\t\t<\/a>\r\n\t<\/div>\r\n\t\t\r\n<\/div>\r\n<div id=\"befo-modal-video-historiasparacantar554\"><\/div>\r\n\t\t<\/div>\n\t\t\t\t<\/div>\n\t\t\t\t\t<\/div>\n\t\t<\/div>\n\t\t\t\t\t\t\t<\/div>\n\t\t<\/section>\n\t\t\t\t<section class=\"elementor-section elementor-top-section elementor-element elementor-element-00b9255 elementor-section-stretched elementor-section-boxed elementor-section-height-default elementor-section-height-default\" data-id=\"00b9255\" data-element_type=\"section\" data-settings=\"{&quot;stretch_section&quot;:&quot;section-stretched&quot;,&quot;background_background&quot;:&quot;classic&quot;}\">\n\t\t\t\t\t\t<div class=\"elementor-container elementor-column-gap-default\">\n\t\t\t\t\t<div class=\"elementor-column elementor-col-100 elementor-top-column elementor-element elementor-element-b6e7770\" data-id=\"b6e7770\" data-element_type=\"column\">\n\t\t\t<div class=\"elementor-widget-wrap elementor-element-populated\">\n\t\t\t\t\t\t\t\t<div class=\"elementor-element elementor-element-67c0f9a elementor-widget elementor-widget-befo-video-modal-widget\" data-id=\"67c0f9a\" data-element_type=\"widget\" data-widget_type=\"befo-video-modal-widget.default\">\n\t\t\t\t<div class=\"elementor-widget-container\">\n\t\t\t\t\r\n\r\n<div class=\"video-section-wrap\">\r\n\t\r\n\t\t\r\n\t<div class=\"video-heading\" >Documental<\/div>\r\n\t\t\r\n\t<div class=\"video-modal-wrap\">\r\n\t\t<a href=\"#\" class=\"video-modal trigger-iframe\" data-modal-id=\"befo-modal-video-irresistiblementecostello445\" data-title=\"Irresistiblemente Costello\" data-url=\"https:\/\/player.vimeo.com\/video\/654216678?h=a28839053c\" >\r\n\t\t\t<span class=\"play\">\r\n\t\t\t\t<span class=\"inner-wrap\">\r\n\t\t\t\t\t<svg xmlns=\"http:\/\/www.w3.org\/2000\/svg\" width=\"30\" height=\"30\" viewBox=\"0 0 24 24\" fill=\"#000\" stroke-linecap=\"square\"><polygon points=\"5 3 19 12 5 21 5 3\"><\/polygon><\/svg>\r\n\t\t\t\t<\/span>\r\n\t\t\t<\/span>\r\n\t\t<\/a>\r\n\t<\/div>\r\n\t\r\n\t\t\r\n\t<h1>Irresistiblemente Costello<\/h1>\r\n\t\t\r\n\t\t\r\n\t<div class=\"befo-btn light\">\r\n\t\t<a href=\"http:\/\/kpq.8b4.mytemp.website\/proyectos\/irresistiblemente-costello\" title=\"Irresistiblemente Costello\" >\r\n\t\t\t<span>Universal Music + Elvis Costello<\/span>\r\n\t\t<\/a>\r\n\t<\/div>\r\n\t\t\r\n<\/div>\r\n<div id=\"befo-modal-video-irresistiblementecostello445\"><\/div>\r\n\t\t<\/div>\n\t\t\t\t<\/div>\n\t\t\t\t\t<\/div>\n\t\t<\/div>\n\t\t\t\t\t\t\t<\/div>\n\t\t<\/section>\n\t\t\t\t<section class=\"elementor-section elementor-top-section elementor-element elementor-element-2e1bd8d elementor-section-stretched elementor-section-boxed elementor-section-height-default elementor-section-height-default\" data-id=\"2e1bd8d\" data-element_type=\"section\" data-settings=\"{&quot;stretch_section&quot;:&quot;section-stretched&quot;,&quot;background_background&quot;:&quot;classic&quot;}\">\n\t\t\t\t\t\t<div class=\"elementor-container elementor-column-gap-default\">\n\t\t\t\t\t<div class=\"elementor-column elementor-col-100 elementor-top-column elementor-element elementor-element-5140d0b\" data-id=\"5140d0b\" data-element_type=\"column\">\n\t\t\t<div class=\"elementor-widget-wrap elementor-element-populated\">\n\t\t\t\t\t\t\t\t<div class=\"elementor-element elementor-element-fdbcd50 elementor-widget elementor-widget-befo-video-modal-widget\" data-id=\"fdbcd50\" data-element_type=\"widget\" data-widget_type=\"befo-video-modal-widget.default\">\n\t\t\t\t<div class=\"elementor-widget-container\">\n\t\t\t\t\r\n\r\n<div class=\"video-section-wrap\">\r\n\t\r\n\t\t\r\n\t<div class=\"video-heading\" >Gaming + Streaming<\/div>\r\n\t\t\r\n\t<div class=\"video-modal-wrap\">\r\n\t\t<a href=\"#\" class=\"video-modal trigger-iframe\" data-modal-id=\"befo-modal-video-batallaslegendarias532\" data-title=\"Batallas Legendarias\" data-url=\"https:\/\/player.vimeo.com\/video\/654202175?h=0f8c8ca1b9\" >\r\n\t\t\t<span class=\"play\">\r\n\t\t\t\t<span class=\"inner-wrap\">\r\n\t\t\t\t\t<svg xmlns=\"http:\/\/www.w3.org\/2000\/svg\" width=\"30\" height=\"30\" viewBox=\"0 0 24 24\" fill=\"#000\" stroke-linecap=\"square\"><polygon points=\"5 3 19 12 5 21 5 3\"><\/polygon><\/svg>\r\n\t\t\t\t<\/span>\r\n\t\t\t<\/span>\r\n\t\t<\/a>\r\n\t<\/div>\r\n\t\r\n\t\t\r\n\t<h1>Batallas Legendarias<\/h1>\r\n\t\t\r\n\t\t\r\n\t<div class=\"befo-btn light\">\r\n\t\t<a href=\"http:\/\/kpq.8b4.mytemp.website\/proyectos\/batallas-legendarias\" title=\"Batallas Legendarias\" >\r\n\t\t\t<span>RIOT Games<\/span>\r\n\t\t<\/a>\r\n\t<\/div>\r\n\t\t\r\n<\/div>\r\n<div id=\"befo-modal-video-batallaslegendarias532\"><\/div>\r\n\t\t<\/div>\n\t\t\t\t<\/div>\n\t\t\t\t\t<\/div>\n\t\t<\/div>\n\t\t\t\t\t\t\t<\/div>\n\t\t<\/section>\n\t\t\t\t<section class=\"elementor-section elementor-top-section elementor-element elementor-element-e35dbae elementor-section-stretched elementor-section-boxed elementor-section-height-default elementor-section-height-default\" data-id=\"e35dbae\" data-element_type=\"section\" data-settings=\"{&quot;stretch_section&quot;:&quot;section-stretched&quot;,&quot;background_background&quot;:&quot;classic&quot;}\">\n\t\t\t\t\t\t<div class=\"elementor-container elementor-column-gap-default\">\n\t\t\t\t\t<div class=\"elementor-column elementor-col-100 elementor-top-column elementor-element elementor-element-b1ed367\" data-id=\"b1ed367\" data-element_type=\"column\">\n\t\t\t<div class=\"elementor-widget-wrap elementor-element-populated\">\n\t\t\t\t\t\t\t\t<div class=\"elementor-element elementor-element-41c7142 elementor-widget elementor-widget-befo-video-modal-widget\" data-id=\"41c7142\" data-element_type=\"widget\" data-widget_type=\"befo-video-modal-widget.default\">\n\t\t\t\t<div class=\"elementor-widget-container\">\n\t\t\t\t\r\n\r\n<div class=\"video-section-wrap\">\r\n\t\r\n\t\t\r\n\t<div class=\"video-heading\" >Streaming + M\u00fasica<\/div>\r\n\t\t\r\n\t<div class=\"video-modal-wrap\">\r\n\t\t<a href=\"#\" class=\"video-modal trigger-iframe\" data-modal-id=\"befo-modal-video-uniendoalcontinente711\" data-title=\"Uniendo al Continente\" data-url=\"https:\/\/player.vimeo.com\/video\/654232036?h=58dde1dd4d\" >\r\n\t\t\t<span class=\"play\">\r\n\t\t\t\t<span class=\"inner-wrap\">\r\n\t\t\t\t\t<svg xmlns=\"http:\/\/www.w3.org\/2000\/svg\" width=\"30\" height=\"30\" viewBox=\"0 0 24 24\" fill=\"#000\" stroke-linecap=\"square\"><polygon points=\"5 3 19 12 5 21 5 3\"><\/polygon><\/svg>\r\n\t\t\t\t<\/span>\r\n\t\t\t<\/span>\r\n\t\t<\/a>\r\n\t<\/div>\r\n\t\r\n\t\t\r\n\t<h1>Uniendo al Continente<\/h1>\r\n\t\t\r\n\t\t\r\n\t<div class=\"befo-btn light\">\r\n\t\t<a href=\"http:\/\/kpq.8b4.mytemp.website\/proyectos\/uniendo-al-continente\" title=\"Uniendo al Continente\" >\r\n\t\t\t<span>Latin American Music Conference<\/span>\r\n\t\t<\/a>\r\n\t<\/div>\r\n\t\t\r\n<\/div>\r\n<div id=\"befo-modal-video-uniendoalcontinente711\"><\/div>\r\n\t\t<\/div>\n\t\t\t\t<\/div>\n\t\t\t\t\t<\/div>\n\t\t<\/div>\n\t\t\t\t\t\t\t<\/div>\n\t\t<\/section>\n\t\t\t\t\t\t<\/div>\n\t\t\t\t\t<\/div>\n\t\t","protected":false},"excerpt":{"rendered":"<p>M\u00daSICA \/ STREAMING M\u00e1xima Interacci\u00f3n HBO MAX + SONY MUSIC LATINOAM\u00c9RICA M\u00daSICA M\u00fasica que Conquista LATIN GRAMMY M\u00daSICA \/ DOCUMENTAL Historias para Cantar HBO MAX + SONY MUSIC LATINOAM\u00c9RICA Documental Irresistiblemente Costello Universal Music + Elvis Costello Gaming + Streaming Batallas Legendarias RIOT Games Streaming + M\u00fasica Uniendo al Continente Latin American Music Conference<\/p>\n","protected":false},"author":1,"featured_media":0,"parent":0,"menu_order":0,"comment_status":"closed","ping_status":"closed","template":"full-page-scroll.php","meta":{"_acf_changed":false,"footnotes":""},"class_list":["post-2515","page","type-page","status-publish","hentry"],"acf":[],"_links":{"self":[{"href":"https:\/\/abrakadabra.tv\/en\/wp-json\/wp\/v2\/pages\/2515","targetHints":{"allow":["GET"]}}],"collection":[{"href":"https:\/\/abrakadabra.tv\/en\/wp-json\/wp\/v2\/pages"}],"about":[{"href":"https:\/\/abrakadabra.tv\/en\/wp-json\/wp\/v2\/types\/page"}],"author":[{"embeddable":true,"href":"https:\/\/abrakadabra.tv\/en\/wp-json\/wp\/v2\/users\/1"}],"replies":[{"embeddable":true,"href":"https:\/\/abrakadabra.tv\/en\/wp-json\/wp\/v2\/comments?post=2515"}],"version-history":[{"count":16,"href":"https:\/\/abrakadabra.tv\/en\/wp-json\/wp\/v2\/pages\/2515\/revisions"}],"predecessor-version":[{"id":2535,"href":"https:\/\/abrakadabra.tv\/en\/wp-json\/wp\/v2\/pages\/2515\/revisions\/2535"}],"wp:attachment":[{"href":"https:\/\/abrakadabra.tv\/en\/wp-json\/wp\/v2\/media?parent=2515"}],"curies":[{"name":"wp","href":"https:\/\/api.w.org\/{rel}","templated":true}]}}